{"id":104,"date":"2015-11-20T11:11:49","date_gmt":"2015-11-20T10:11:49","guid":{"rendered":"https:\/\/auto-schmale.de\/?page_id=104"},"modified":"2016-03-03T11:31:06","modified_gmt":"2016-03-03T10:31:06","slug":"steinschlag","status":"publish","type":"page","link":"https:\/\/auto-schmale.de\/?page_id=104","title":{"rendered":"Steinschlag"},"content":{"rendered":"<div class=\"two-thirds column\">\n<p><strong>Was ist die Ursache f\u00fcr einen Riss in der Scheibe?<\/strong><\/p>\n<p>Durch Temperaturschwankungen und Ersch\u00fctterungen im Fahrzeug, werden aus Steinschl\u00e4gen schnell Risse.<\/p>\n<p><strong>Was kostet die Reparatur der Scheibe?<\/strong><\/p>\n<p>F\u00fcr Teilkaskoversicherte ist die Reparatur eines Steinschlages meist kostenlos. Bei vielen Versicherungen ist nicht mal eine Selbstbeteiligung f\u00e4llig.<\/p>\n<p>Der Austausch der Scheibe hingegen ist meist teurer und bei einem Versicherungsfall ist oft eine Selbstbeteiligung f\u00e4llig.<\/p>\n<p><strong>Was bieten wir Ihnen, wenn Sie einen Steinschlag in Ihrer Windschutzscheibe entdecken?<\/strong><\/p>\n<p>Um einen h\u00f6heren Zeit- und Kostenaufwand f\u00fcr Sie zu vermeiden, reparieren wir- wenn m\u00f6glich- diesen Steinschlag.<\/p>\n<p>Vorab pr\u00fcfen wir gemeinsam mit Ihnen, welche L\u00f6sung f\u00fcr Sie die Beste ist. Sollte der Schaden doch gr\u00f6\u00dfer sein, ersetzten wir gerne fachgerecht die komplette Windschutzscheibe.<\/p>\n<p>Auf Wunsch \u00fcbernehmen wir die Schadensregulierung mit Ihrer Versicherung. <\/div>\n<div class=\"one-third column\"><a href=\"https:\/\/auto-schmale.de\/wp-content\/uploads\/2015\/11\/auto_schmale_steinschlag.jpg\"><img loading=\"lazy\" decoding=\"async\" class=\"alignnone wp-image-385 size-full\" src=\"https:\/\/auto-schmale.de\/wp-content\/uploads\/2015\/11\/auto_schmale_steinschlag.jpg\" alt=\"\" width=\"320\" height=\"258\" srcset=\"https:\/\/auto-schmale.de\/wp-content\/uploads\/2015\/11\/auto_schmale_steinschlag.jpg 320w, https:\/\/auto-schmale.de\/wp-content\/uploads\/2015\/11\/auto_schmale_steinschlag-300x242.jpg 300w, https:\/\/auto-schmale.de\/wp-content\/uploads\/2015\/11\/auto_schmale_steinschlag-285x230.jpg 285w\" sizes=\"auto, (max-width: 320px) 100vw, 320px\" \/><\/a><\/div>\n","protected":false},"excerpt":{"rendered":"","protected":false},"author":1,"featured_media":0,"parent":0,"menu_order":0,"comment_status":"closed","ping_status":"closed","template":"","meta":{"_exactmetrics_skip_tracking":false,"_exactmetrics_sitenote_active":false,"_exactmetrics_sitenote_note":"","_exactmetrics_sitenote_category":0,"footnotes":""},"class_list":["post-104","page","type-page","status-publish","hentry"],"yoast_head":"<!-- This site is optimized with the Yoast SEO plugin v27.4 - https:\/\/yoast.com\/product\/yoast-seo-wordpress\/ -->\n<title>Steinschlag - Auto Schmale GmbH &amp; Co. KG<\/title>\n<meta name=\"robots\" content=\"index, follow, max-snippet:-1, max-image-preview:large, max-video-preview:-1\" \/>\n<link rel=\"canonical\" href=\"https:\/\/auto-schmale.de\/?page_id=104\" \/>\n<meta property=\"og:locale\" content=\"de_DE\" \/>\n<meta property=\"og:type\" content=\"article\" \/>\n<meta property=\"og:title\" content=\"Steinschlag - Auto Schmale GmbH &amp; Co. KG\" \/>\n<meta property=\"og:url\" content=\"https:\/\/auto-schmale.de\/?page_id=104\" \/>\n<meta property=\"og:site_name\" content=\"Auto Schmale GmbH &amp; Co. KG\" \/>\n<meta property=\"article:modified_time\" content=\"2016-03-03T10:31:06+00:00\" \/>\n<meta property=\"og:image\" content=\"https:\/\/auto-schmale.de\/wp-content\/uploads\/2015\/11\/auto_schmale_steinschlag.jpg\" \/>\n<meta name=\"twitter:card\" content=\"summary_large_image\" \/>\n<meta name=\"twitter:label1\" content=\"Gesch\u00e4tzte Lesezeit\" \/>\n\t<meta name=\"twitter:data1\" content=\"1\u00a0Minute\" \/>\n<script type=\"application\/ld+json\" class=\"yoast-schema-graph\">{\"@context\":\"https:\\\/\\\/schema.org\",\"@graph\":[{\"@type\":\"WebPage\",\"@id\":\"https:\\\/\\\/auto-schmale.de\\\/?page_id=104\",\"url\":\"https:\\\/\\\/auto-schmale.de\\\/?page_id=104\",\"name\":\"Steinschlag - Auto Schmale GmbH &amp; Co. KG\",\"isPartOf\":{\"@id\":\"https:\\\/\\\/auto-schmale.de\\\/#website\"},\"primaryImageOfPage\":{\"@id\":\"https:\\\/\\\/auto-schmale.de\\\/?page_id=104#primaryimage\"},\"image\":{\"@id\":\"https:\\\/\\\/auto-schmale.de\\\/?page_id=104#primaryimage\"},\"thumbnailUrl\":\"https:\\\/\\\/auto-schmale.de\\\/wp-content\\\/uploads\\\/2015\\\/11\\\/auto_schmale_steinschlag.jpg\",\"datePublished\":\"2015-11-20T10:11:49+00:00\",\"dateModified\":\"2016-03-03T10:31:06+00:00\",\"breadcrumb\":{\"@id\":\"https:\\\/\\\/auto-schmale.de\\\/?page_id=104#breadcrumb\"},\"inLanguage\":\"de\",\"potentialAction\":[{\"@type\":\"ReadAction\",\"target\":[\"https:\\\/\\\/auto-schmale.de\\\/?page_id=104\"]}]},{\"@type\":\"ImageObject\",\"inLanguage\":\"de\",\"@id\":\"https:\\\/\\\/auto-schmale.de\\\/?page_id=104#primaryimage\",\"url\":\"https:\\\/\\\/auto-schmale.de\\\/wp-content\\\/uploads\\\/2015\\\/11\\\/auto_schmale_steinschlag.jpg\",\"contentUrl\":\"https:\\\/\\\/auto-schmale.de\\\/wp-content\\\/uploads\\\/2015\\\/11\\\/auto_schmale_steinschlag.jpg\"},{\"@type\":\"BreadcrumbList\",\"@id\":\"https:\\\/\\\/auto-schmale.de\\\/?page_id=104#breadcrumb\",\"itemListElement\":[{\"@type\":\"ListItem\",\"position\":1,\"name\":\"Startseite\",\"item\":\"https:\\\/\\\/auto-schmale.de\\\/\"},{\"@type\":\"ListItem\",\"position\":2,\"name\":\"Steinschlag\"}]},{\"@type\":\"WebSite\",\"@id\":\"https:\\\/\\\/auto-schmale.de\\\/#website\",\"url\":\"https:\\\/\\\/auto-schmale.de\\\/\",\"name\":\"Auto Schmale GmbH &amp; Co. KG\",\"description\":\"\",\"potentialAction\":[{\"@type\":\"SearchAction\",\"target\":{\"@type\":\"EntryPoint\",\"urlTemplate\":\"https:\\\/\\\/auto-schmale.de\\\/?s={search_term_string}\"},\"query-input\":{\"@type\":\"PropertyValueSpecification\",\"valueRequired\":true,\"valueName\":\"search_term_string\"}}],\"inLanguage\":\"de\"}]}<\/script>\n<!-- \/ Yoast SEO plugin. -->","yoast_head_json":{"title":"Steinschlag - Auto Schmale GmbH &amp; Co. KG","robots":{"index":"index","follow":"follow","max-snippet":"max-snippet:-1","max-image-preview":"max-image-preview:large","max-video-preview":"max-video-preview:-1"},"canonical":"https:\/\/auto-schmale.de\/?page_id=104","og_locale":"de_DE","og_type":"article","og_title":"Steinschlag - Auto Schmale GmbH &amp; Co. KG","og_url":"https:\/\/auto-schmale.de\/?page_id=104","og_site_name":"Auto Schmale GmbH &amp; Co. KG","article_modified_time":"2016-03-03T10:31:06+00:00","og_image":[{"url":"https:\/\/auto-schmale.de\/wp-content\/uploads\/2015\/11\/auto_schmale_steinschlag.jpg","type":"","width":"","height":""}],"twitter_card":"summary_large_image","twitter_misc":{"Gesch\u00e4tzte Lesezeit":"1\u00a0Minute"},"schema":{"@context":"https:\/\/schema.org","@graph":[{"@type":"WebPage","@id":"https:\/\/auto-schmale.de\/?page_id=104","url":"https:\/\/auto-schmale.de\/?page_id=104","name":"Steinschlag - Auto Schmale GmbH &amp; Co. KG","isPartOf":{"@id":"https:\/\/auto-schmale.de\/#website"},"primaryImageOfPage":{"@id":"https:\/\/auto-schmale.de\/?page_id=104#primaryimage"},"image":{"@id":"https:\/\/auto-schmale.de\/?page_id=104#primaryimage"},"thumbnailUrl":"https:\/\/auto-schmale.de\/wp-content\/uploads\/2015\/11\/auto_schmale_steinschlag.jpg","datePublished":"2015-11-20T10:11:49+00:00","dateModified":"2016-03-03T10:31:06+00:00","breadcrumb":{"@id":"https:\/\/auto-schmale.de\/?page_id=104#breadcrumb"},"inLanguage":"de","potentialAction":[{"@type":"ReadAction","target":["https:\/\/auto-schmale.de\/?page_id=104"]}]},{"@type":"ImageObject","inLanguage":"de","@id":"https:\/\/auto-schmale.de\/?page_id=104#primaryimage","url":"https:\/\/auto-schmale.de\/wp-content\/uploads\/2015\/11\/auto_schmale_steinschlag.jpg","contentUrl":"https:\/\/auto-schmale.de\/wp-content\/uploads\/2015\/11\/auto_schmale_steinschlag.jpg"},{"@type":"BreadcrumbList","@id":"https:\/\/auto-schmale.de\/?page_id=104#breadcrumb","itemListElement":[{"@type":"ListItem","position":1,"name":"Startseite","item":"https:\/\/auto-schmale.de\/"},{"@type":"ListItem","position":2,"name":"Steinschlag"}]},{"@type":"WebSite","@id":"https:\/\/auto-schmale.de\/#website","url":"https:\/\/auto-schmale.de\/","name":"Auto Schmale GmbH &amp; Co. KG","description":"","potentialAction":[{"@type":"SearchAction","target":{"@type":"EntryPoint","urlTemplate":"https:\/\/auto-schmale.de\/?s={search_term_string}"},"query-input":{"@type":"PropertyValueSpecification","valueRequired":true,"valueName":"search_term_string"}}],"inLanguage":"de"}]}},"_links":{"self":[{"href":"https:\/\/auto-schmale.de\/index.php?rest_route=\/wp\/v2\/pages\/104","targetHints":{"allow":["GET"]}}],"collection":[{"href":"https:\/\/auto-schmale.de\/index.php?rest_route=\/wp\/v2\/pages"}],"about":[{"href":"https:\/\/auto-schmale.de\/index.php?rest_route=\/wp\/v2\/types\/page"}],"author":[{"embeddable":true,"href":"https:\/\/auto-schmale.de\/index.php?rest_route=\/wp\/v2\/users\/1"}],"replies":[{"embeddable":true,"href":"https:\/\/auto-schmale.de\/index.php?rest_route=%2Fwp%2Fv2%2Fcomments&post=104"}],"version-history":[{"count":7,"href":"https:\/\/auto-schmale.de\/index.php?rest_route=\/wp\/v2\/pages\/104\/revisions"}],"predecessor-version":[{"id":603,"href":"https:\/\/auto-schmale.de\/index.php?rest_route=\/wp\/v2\/pages\/104\/revisions\/603"}],"wp:attachment":[{"href":"https:\/\/auto-schmale.de\/index.php?rest_route=%2Fwp%2Fv2%2Fmedia&parent=104"}],"curies":[{"name":"wp","href":"https:\/\/api.w.org\/{rel}","templated":true}]}}