{"id":223,"date":"2015-11-24T13:28:31","date_gmt":"2015-11-24T12:28:31","guid":{"rendered":"https:\/\/auto-schmale.de\/?page_id=223"},"modified":"2018-03-07T16:07:15","modified_gmt":"2018-03-07T15:07:15","slug":"klima-service","status":"publish","type":"page","link":"https:\/\/auto-schmale.de\/?page_id=223","title":{"rendered":"Klima Service"},"content":{"rendered":"<div class=\"eight columns\"><a href=\"https:\/\/auto-schmale.de\/wp-content\/uploads\/2015\/11\/auto_schmale_klimaservice_2.jpg\"><img loading=\"lazy\" decoding=\"async\" class=\"alignnone wp-image-224 size-full\" src=\"https:\/\/auto-schmale.de\/wp-content\/uploads\/2015\/11\/auto_schmale_klimaservice_2.jpg\" alt=\"\" width=\"520\" height=\"520\" srcset=\"https:\/\/auto-schmale.de\/wp-content\/uploads\/2015\/11\/auto_schmale_klimaservice_2.jpg 520w, https:\/\/auto-schmale.de\/wp-content\/uploads\/2015\/11\/auto_schmale_klimaservice_2-150x150.jpg 150w, https:\/\/auto-schmale.de\/wp-content\/uploads\/2015\/11\/auto_schmale_klimaservice_2-300x300.jpg 300w, https:\/\/auto-schmale.de\/wp-content\/uploads\/2015\/11\/auto_schmale_klimaservice_2-230x230.jpg 230w, https:\/\/auto-schmale.de\/wp-content\/uploads\/2015\/11\/auto_schmale_klimaservice_2-410x410.jpg 410w, https:\/\/auto-schmale.de\/wp-content\/uploads\/2015\/11\/auto_schmale_klimaservice_2-250x250.jpg 250w\" sizes=\"auto, (max-width: 520px) 100vw, 520px\" \/><\/a><\/div>\n<div class=\"eight columns\">\n<p><strong>Basis + Desinfektion 39,90 \u20ac<\/strong><\/p>\n<ol>\n<li>Sichtpr\u00fcfung (mit einer fluoreszierenden Lampe)<\/li>\n<\/ol>\n<ul class=\"disc\">\n<li>Klimaleitungen und Verbindungen auf Leckagen, Korrosion, Scheuerstellen und Dichtheit<\/li>\n<li>Kondensator und K\u00fchlergebl\u00e4se auf Dichtheit<\/li>\n<li>Kompressor auf Dichtheit<\/li>\n<\/ul>\n<ol start=\"2\">\n<li>Funktionspr\u00fcfung von Schalter und Display (inklusive Beleuchtung)<\/li>\n<li>\u00dcberpr\u00fcfung der Funktion der Heizungs-, Luftverteiler- und Gebl\u00e4seregelungen<\/li>\n<li>Test der Temperaturabsenkung an den Bel\u00fcftungsd\u00fcsen bei eingeschalteter Klimaanlage<\/li>\n<li>Geruchstest<\/li>\n<li>Funktionspr\u00fcfung des Umluftsystems<\/li>\n<li>Pr\u00fcfung des Kompressors auf Funktion und au\u00dferordentliche Ger\u00e4uschentwicklung bei eingeschalteter Klimaanlage, Reinigung und Desinfektion des Verdampfers der Klimaanlage und der Luftkan\u00e4le<\/li>\n<\/ol>\n<\/div>\n<div class=\"eight columns\">\n<strong>Basis + Austausch des K\u00e4ltemittel 59,90\u20ac<\/strong><\/p>\n<ol>\n<li>Basis-Check plus Evakuierung des K\u00e4ltemittels und K\u00e4ltemaschinen\u00f6ls, neu Bef\u00fcllung auf die vorgeschriebene Menge mit anschlie\u00dfender Dichtheitspr\u00fcfung und Klimaanlagen-Leistungstest<\/li>\n<li>Systemdruckpr\u00fcfung mit Servicewerkzeug<\/li>\n<\/ol>\n<p>Ausgenommen sind Fahrzeuge mit dem K\u00e4ltemittel Typ <strong>HFO1234yf <\/strong>&#8211; Fragen Sie gerne nach!<\/p>\n<\/div>\n<div class=\"eight columns\">\n<strong style=\"line-height: 1.5;\">Basis + Austausch des K\u00e4ltemittels + Austausch Pollenfilter 89,90 \u20ac<\/strong><\/p>\n<ol>\n<li>Basis-Check plus Evakuierung des K\u00e4ltemittels und K\u00e4ltemaschinen\u00f6ls, neu Bef\u00fcllung auf die vorgeschriebene Menge mit anschlie\u00dfender Dichtheitspr\u00fcfung und Klimaanlagen-Leistungstest<\/li>\n<li>Systemdruckpr\u00fcfung mit Servicewerkzeug<\/li>\n<li>Austausch des Pollenfilters oder Aufwertung mit Aktivkohlefilter auf Kundenwunsch<\/li>\n<\/ol>\n<p>Ausgenommen sind Fahrzeuge mit dem K\u00e4ltemittel Typ <strong>HFO1234yf <\/strong>&#8211; Fragen Sie gerne nach!<\/p>\n<p><span style=\"line-height: 1.5;\"><\/div><\/span><\/p>\n","protected":false},"excerpt":{"rendered":"","protected":false},"author":1,"featured_media":0,"parent":0,"menu_order":0,"comment_status":"closed","ping_status":"closed","template":"","meta":{"_exactmetrics_skip_tracking":false,"_exactmetrics_sitenote_active":false,"_exactmetrics_sitenote_note":"","_exactmetrics_sitenote_category":0,"footnotes":""},"class_list":["post-223","page","type-page","status-publish","hentry"],"yoast_head":"<!-- This site is optimized with the Yoast SEO plugin v27.4 - https:\/\/yoast.com\/product\/yoast-seo-wordpress\/ -->\n<title>Klima Service - Auto Schmale GmbH &amp; Co. KG<\/title>\n<meta name=\"robots\" content=\"index, follow, max-snippet:-1, max-image-preview:large, max-video-preview:-1\" \/>\n<link rel=\"canonical\" href=\"https:\/\/auto-schmale.de\/?page_id=223\" \/>\n<meta property=\"og:locale\" content=\"de_DE\" \/>\n<meta property=\"og:type\" content=\"article\" \/>\n<meta property=\"og:title\" content=\"Klima Service - Auto Schmale GmbH &amp; Co. KG\" \/>\n<meta property=\"og:url\" content=\"https:\/\/auto-schmale.de\/?page_id=223\" \/>\n<meta property=\"og:site_name\" content=\"Auto Schmale GmbH &amp; Co. KG\" \/>\n<meta property=\"article:modified_time\" content=\"2018-03-07T15:07:15+00:00\" \/>\n<meta property=\"og:image\" content=\"https:\/\/auto-schmale.de\/wp-content\/uploads\/2015\/11\/auto_schmale_klimaservice_2.jpg\" \/>\n<meta name=\"twitter:card\" content=\"summary_large_image\" \/>\n<meta name=\"twitter:label1\" content=\"Gesch\u00e4tzte Lesezeit\" \/>\n\t<meta name=\"twitter:data1\" content=\"1\u00a0Minute\" \/>\n<script type=\"application\/ld+json\" class=\"yoast-schema-graph\">{\"@context\":\"https:\\\/\\\/schema.org\",\"@graph\":[{\"@type\":\"WebPage\",\"@id\":\"https:\\\/\\\/auto-schmale.de\\\/?page_id=223\",\"url\":\"https:\\\/\\\/auto-schmale.de\\\/?page_id=223\",\"name\":\"Klima Service - Auto Schmale GmbH &amp; Co. KG\",\"isPartOf\":{\"@id\":\"https:\\\/\\\/auto-schmale.de\\\/#website\"},\"primaryImageOfPage\":{\"@id\":\"https:\\\/\\\/auto-schmale.de\\\/?page_id=223#primaryimage\"},\"image\":{\"@id\":\"https:\\\/\\\/auto-schmale.de\\\/?page_id=223#primaryimage\"},\"thumbnailUrl\":\"https:\\\/\\\/auto-schmale.de\\\/wp-content\\\/uploads\\\/2015\\\/11\\\/auto_schmale_klimaservice_2.jpg\",\"datePublished\":\"2015-11-24T12:28:31+00:00\",\"dateModified\":\"2018-03-07T15:07:15+00:00\",\"breadcrumb\":{\"@id\":\"https:\\\/\\\/auto-schmale.de\\\/?page_id=223#breadcrumb\"},\"inLanguage\":\"de\",\"potentialAction\":[{\"@type\":\"ReadAction\",\"target\":[\"https:\\\/\\\/auto-schmale.de\\\/?page_id=223\"]}]},{\"@type\":\"ImageObject\",\"inLanguage\":\"de\",\"@id\":\"https:\\\/\\\/auto-schmale.de\\\/?page_id=223#primaryimage\",\"url\":\"https:\\\/\\\/auto-schmale.de\\\/wp-content\\\/uploads\\\/2015\\\/11\\\/auto_schmale_klimaservice_2.jpg\",\"contentUrl\":\"https:\\\/\\\/auto-schmale.de\\\/wp-content\\\/uploads\\\/2015\\\/11\\\/auto_schmale_klimaservice_2.jpg\"},{\"@type\":\"BreadcrumbList\",\"@id\":\"https:\\\/\\\/auto-schmale.de\\\/?page_id=223#breadcrumb\",\"itemListElement\":[{\"@type\":\"ListItem\",\"position\":1,\"name\":\"Startseite\",\"item\":\"https:\\\/\\\/auto-schmale.de\\\/\"},{\"@type\":\"ListItem\",\"position\":2,\"name\":\"Klima Service\"}]},{\"@type\":\"WebSite\",\"@id\":\"https:\\\/\\\/auto-schmale.de\\\/#website\",\"url\":\"https:\\\/\\\/auto-schmale.de\\\/\",\"name\":\"Auto Schmale GmbH &amp; Co. KG\",\"description\":\"\",\"potentialAction\":[{\"@type\":\"SearchAction\",\"target\":{\"@type\":\"EntryPoint\",\"urlTemplate\":\"https:\\\/\\\/auto-schmale.de\\\/?s={search_term_string}\"},\"query-input\":{\"@type\":\"PropertyValueSpecification\",\"valueRequired\":true,\"valueName\":\"search_term_string\"}}],\"inLanguage\":\"de\"}]}<\/script>\n<!-- \/ Yoast SEO plugin. -->","yoast_head_json":{"title":"Klima Service - Auto Schmale GmbH &amp; Co. KG","robots":{"index":"index","follow":"follow","max-snippet":"max-snippet:-1","max-image-preview":"max-image-preview:large","max-video-preview":"max-video-preview:-1"},"canonical":"https:\/\/auto-schmale.de\/?page_id=223","og_locale":"de_DE","og_type":"article","og_title":"Klima Service - Auto Schmale GmbH &amp; Co. KG","og_url":"https:\/\/auto-schmale.de\/?page_id=223","og_site_name":"Auto Schmale GmbH &amp; Co. KG","article_modified_time":"2018-03-07T15:07:15+00:00","og_image":[{"url":"https:\/\/auto-schmale.de\/wp-content\/uploads\/2015\/11\/auto_schmale_klimaservice_2.jpg","type":"","width":"","height":""}],"twitter_card":"summary_large_image","twitter_misc":{"Gesch\u00e4tzte Lesezeit":"1\u00a0Minute"},"schema":{"@context":"https:\/\/schema.org","@graph":[{"@type":"WebPage","@id":"https:\/\/auto-schmale.de\/?page_id=223","url":"https:\/\/auto-schmale.de\/?page_id=223","name":"Klima Service - Auto Schmale GmbH &amp; Co. KG","isPartOf":{"@id":"https:\/\/auto-schmale.de\/#website"},"primaryImageOfPage":{"@id":"https:\/\/auto-schmale.de\/?page_id=223#primaryimage"},"image":{"@id":"https:\/\/auto-schmale.de\/?page_id=223#primaryimage"},"thumbnailUrl":"https:\/\/auto-schmale.de\/wp-content\/uploads\/2015\/11\/auto_schmale_klimaservice_2.jpg","datePublished":"2015-11-24T12:28:31+00:00","dateModified":"2018-03-07T15:07:15+00:00","breadcrumb":{"@id":"https:\/\/auto-schmale.de\/?page_id=223#breadcrumb"},"inLanguage":"de","potentialAction":[{"@type":"ReadAction","target":["https:\/\/auto-schmale.de\/?page_id=223"]}]},{"@type":"ImageObject","inLanguage":"de","@id":"https:\/\/auto-schmale.de\/?page_id=223#primaryimage","url":"https:\/\/auto-schmale.de\/wp-content\/uploads\/2015\/11\/auto_schmale_klimaservice_2.jpg","contentUrl":"https:\/\/auto-schmale.de\/wp-content\/uploads\/2015\/11\/auto_schmale_klimaservice_2.jpg"},{"@type":"BreadcrumbList","@id":"https:\/\/auto-schmale.de\/?page_id=223#breadcrumb","itemListElement":[{"@type":"ListItem","position":1,"name":"Startseite","item":"https:\/\/auto-schmale.de\/"},{"@type":"ListItem","position":2,"name":"Klima Service"}]},{"@type":"WebSite","@id":"https:\/\/auto-schmale.de\/#website","url":"https:\/\/auto-schmale.de\/","name":"Auto Schmale GmbH &amp; Co. KG","description":"","potentialAction":[{"@type":"SearchAction","target":{"@type":"EntryPoint","urlTemplate":"https:\/\/auto-schmale.de\/?s={search_term_string}"},"query-input":{"@type":"PropertyValueSpecification","valueRequired":true,"valueName":"search_term_string"}}],"inLanguage":"de"}]}},"_links":{"self":[{"href":"https:\/\/auto-schmale.de\/index.php?rest_route=\/wp\/v2\/pages\/223","targetHints":{"allow":["GET"]}}],"collection":[{"href":"https:\/\/auto-schmale.de\/index.php?rest_route=\/wp\/v2\/pages"}],"about":[{"href":"https:\/\/auto-schmale.de\/index.php?rest_route=\/wp\/v2\/types\/page"}],"author":[{"embeddable":true,"href":"https:\/\/auto-schmale.de\/index.php?rest_route=\/wp\/v2\/users\/1"}],"replies":[{"embeddable":true,"href":"https:\/\/auto-schmale.de\/index.php?rest_route=%2Fwp%2Fv2%2Fcomments&post=223"}],"version-history":[{"count":11,"href":"https:\/\/auto-schmale.de\/index.php?rest_route=\/wp\/v2\/pages\/223\/revisions"}],"predecessor-version":[{"id":960,"href":"https:\/\/auto-schmale.de\/index.php?rest_route=\/wp\/v2\/pages\/223\/revisions\/960"}],"wp:attachment":[{"href":"https:\/\/auto-schmale.de\/index.php?rest_route=%2Fwp%2Fv2%2Fmedia&parent=223"}],"curies":[{"name":"wp","href":"https:\/\/api.w.org\/{rel}","templated":true}]}}