{"id":52,"date":"2015-11-10T11:26:16","date_gmt":"2015-11-10T10:26:16","guid":{"rendered":"https:\/\/auto-schmale.de\/?page_id=52"},"modified":"2024-09-27T15:33:14","modified_gmt":"2024-09-27T13:33:14","slug":"datenschutz","status":"publish","type":"page","link":"https:\/\/auto-schmale.de\/?page_id=52","title":{"rendered":"Datenschutz"},"content":{"rendered":"<div class=\"sixteen columns\">\n<h4>1. Name und Kontaktdaten der Verantwortlichen<\/h4>\n<p>Auto Schmale GmbH &#038; Co. KG, Kaiserstr. 16 + 38, 42477 Radevormwald<br \/>\nTelefon: 0 21 95 \/ 91 23 \u2013 3, E-Mail: info@auto-schmale.de<\/p>\n<h4>2. Kontaktdaten der Datenschutzbeauftragten<\/h4>\n<p>KHBL Service- und Wirtschaftsgesellschaft mbH, Altenberger-Dom-Stra\u00dfe 200, 51467 Bergisch Gladbach<br \/>\nTelefon: 0 22 02 \/ 93 59 \u2013 620, E-Mail: datenschutz@service-handwerk.de<\/p>\n<h4>3. Erhebung und Speicherung personenbezogener Daten sowie Art und Zweck von deren Verwendung<\/h4>\n<p><b>a) Beim Besuch der Webseite<\/b><\/p>\n<p>Beim Aufrufen unserer Webseite werden durch den auf Ihrem Endger\u00e4t zum Einsatz kommenden Browser automatisch Informationen an den Server unserer Webseite gesendet. Diese Informationen werden tempor\u00e4r in einem sog. Logfile gespeichert. Folgende Informationen werden dabei ohne Ihr Zutun erfasst und bis zur automatisierten L\u00f6schung gespeichert:<\/p>\n<ul class=\"disc\">\n<li>IP-Adresse des anfragenden Rechners,<\/li>\n<li>Datum und Uhrzeit des Zugriffs,<\/li>\n<li>Name und URL der abgerufenen Datei,<\/li>\n<li>Webseite, von welcher der Zugriff auf unsere Webseite erfolgt (Referrer-URL),<\/li>\n<li>verwendeter Browser und ggf. das Betriebssystem Ihres Rechners sowie der Name Ihres Access-Providers.<\/li>\n<\/ul>\n<p>Die genannten Daten werden durch uns zu folgenden Zwecken verarbeitet:<\/p>\n<ul class=\"disc\">\n<li>Gew\u00e4hrleistung eines reibungslosen Verbindungsaufbaus der Webseite,<\/li>\n<li>Gew\u00e4hrleistung einer komfortablen Nutzung unserer Webseite,<\/li>\n<li>Auswertung der Systemsicherheit und -stabilit\u00e4t sowie<\/li>\n<li>zu weiteren administrativen Zwecken.<\/li>\n<\/ul>\n<p>Die Rechtsgrundlage f\u00fcr die Datenverarbeitung ist Art. 6 Abs. 1 f DSGVO. Unser berechtigtes Interesse folgt aus oben aufgelisteten Zwecken zur Datenerhebung. In keinem Fall verwenden wir die erhobenen Daten zu dem Zweck, R\u00fcckschl\u00fcsse auf Ihre Person zu ziehen.<\/p>\n<p><b>b) Datenschutz bei Bewerbungen und im Bewerbungsverfahren<\/b><\/p>\n<p>Wir erheben und verarbeiten die personenbezogenen Daten von Bewerbenden zum Zwecke der Abwicklung des Bewerbungsverfahrens. Rechtsgrundlage ist Art. 6 Abs. 1 b DSGVO. Schlie\u00dfen wir einen Anstellungsvertrag mit einem Bewerbenden, werden die \u00fcbermittelten Daten zum Zweck der Abwicklung des Besch\u00e4ftigungsverh\u00e4ltnisses unter Beachtung der gesetzlichen Vorschriften gespeichert. Wird von uns kein Anstellungsvertrag mit dem Bewerbenden geschlossen, so werden die Bewerbungsunterlagen sechs Monate nach Bekanntgabe der Absageentscheidung automatisch gel\u00f6scht, sofern einer L\u00f6schung keine sonstigen berechtigten Interessen des f\u00fcr die Verarbeitung Verantwortlichen entgegenstehen. Sonstiges berechtigtes Interesse in diesem Sinne ist beispielsweise eine Beweispflicht in einem Verfahren nach dem Allgemeinen Gleichbehandlungsgesetz (AGG).<\/p>\n<h4>4. Weitergabe von Daten<\/h4>\n<p>Eine \u00dcbermittlung Ihrer pers\u00f6nlichen Daten an Dritte zu anderen als den im Folgenden aufgef\u00fchrten Zwecken findet nicht statt. Wir geben Ihre pers\u00f6nlichen Daten nur an Dritte weiter, wenn:<\/p>\n<ul class=\"disc\">\n<li>Sie nach Art. 6 Abs. 1 a DSGVO Ihre ausdr\u00fcckliche Einwilligung dazu erteilt haben,<\/li>\n<li>die Weitergabe nach Art. 6 Abs. 1 f DSGVO zur Geltendmachung, Aus\u00fcbung oder Verteidigung von Rechtsanspr\u00fcchen erforderlich ist und kein Grund zur Annahme besteht, dass Sie ein \u00fcberwiegendes schutzw\u00fcrdiges Interesse an der Nichtweitergabe Ihrer Daten haben,<\/li>\n<li>f\u00fcr den Fall, dass f\u00fcr die Weitergabe nach Art. 6 Abs. 1 c DSGVO eine gesetzliche Verpflichtung besteht, sowie<\/li>\n<li>dies gesetzlich zul\u00e4ssig und nach Art. 6 Abs. 1 b DSGVO f\u00fcr die Abwicklung von Vertragsverh\u00e4ltnissen mit Ihnen erforderlich ist.<\/li>\n<\/ul>\n<h4>5. L\u00f6schung<\/h4>\n<p>Wir verarbeiten und speichern Ihre personenbezogenen Daten nur f\u00fcr den Zeitraum, der zur Erreichung des Speicherungszwecks erforderlich ist, es sei denn, es liegen andere gesetzliche Vorschriften und Bestimmungen vor, wie zum Beispiel aus dem Handelsgesetzbuch oder der Abgabenordnung. Entf\u00e4llt der Speicherungszweck oder l\u00e4uft eine vorgeschriebene Speicherfrist ab, werden die personenbezogenen Daten routinem\u00e4\u00dfig und entsprechend den gesetzlichen Vorschriften gesperrt oder gel\u00f6scht.<\/p>\n<h4>6. Cookies<\/h4>\n<p>Wir setzen auf unserer Webseite Cookies ein, die f\u00fcr den Betrieb der Webseite erforderlich sind. Rechtsgrundlage hierf\u00fcr ist unser berechtigtes Interesse nach Art. 6 Abs. 1 f DSGVO. Unser berechtigtes Interesse besteht darin eine technisch fehlerfreie, nutzerfreundliche und sicherer Webseite zur Verf\u00fcgung zu stellen. Diese werden nach Verlassen unserer Webseite automatisch gel\u00f6scht.<\/p>\n<h4>7. Soziale Netzwerke<\/h4>\n<p>Wir betreiben neben unserer Webseite noch andere Onlinepr\u00e4senzen innerhalb sozialer Netzwerke, um dort Informationen \u00fcber uns anzubieten oder mit den dort aktiven Nutzern zu kommunizieren. Dabei k\u00f6nnen Daten der Nutzer au\u00dferhalb des Raumes der Europ\u00e4ischen Union verarbeitet werden. F\u00fcr die Daten\u00fcbermittlung in die USA liegt ein Angemessenheitsbeschluss vor. Au\u00dferdem werden die Daten der Nutzer innerhalb sozialer Netzwerke im Regelfall f\u00fcr Marktforschungs- und Werbezwecke verarbeitet. So kann das Nutzungsverhalten analysiert und daraus Nutzungsprofile erstellt und anhand dessen dann z.B. Werbeanzeigen innerhalb und au\u00dferhalb der Netzwerke angezeigt werden. F\u00fcr detaillierte Informationen zu den jeweiligen Verarbeitungsformen und Ihren Rechten verweisen wir auf die Datenschutzerkl\u00e4rungen und Angaben der Betreiber des jeweiligen Netzwerks.<br \/>\nSollten Sie Betroffenenrechte gelten machen wollen, ist dies am effektivsten bei den Anbietern selbst, da nur der Anbieter Zugriff auf die gesamten Daten des Nutzers hat. Sollten Sie dennoch Hilfe ben\u00f6tigen, stehen wir Ihnen nat\u00fcrlich gerne zur Verf\u00fcgung.<\/p>\n<p>Eingesetzter Dienst und Anbieter<br \/>\nFacebook: Meta Platforms Ireland Limited, 4 Grand Canal Square, Dublin 2, Irland<\/p>\n<h4>8. Betroffenenrechte<\/h4>\n<p>Sie k\u00f6nnen von uns jederzeit Auskunft, Berichtigung, L\u00f6schung und die Einschr\u00e4nkung der Verarbeitung Ihrer personenbezogenen Daten verlangen sowie das Recht auf Daten\u00fcbertragbarkeit geltend machen. Dar\u00fcber hinaus haben Sie das Recht, sich an die zust\u00e4ndige Aufsichtsbeh\u00f6rde zu wenden.<\/p>\n<h4>9. Widerspruchsrecht<\/h4>\n<p>Sie k\u00f6nnen der Verarbeitung und Weitergabe Ihrer Daten WIDERSPRECHEN.<\/p>\n<\/div>\n","protected":false},"excerpt":{"rendered":"","protected":false},"author":1,"featured_media":0,"parent":0,"menu_order":0,"comment_status":"closed","ping_status":"closed","template":"","meta":{"_exactmetrics_skip_tracking":false,"_exactmetrics_sitenote_active":false,"_exactmetrics_sitenote_note":"","_exactmetrics_sitenote_category":0,"footnotes":""},"class_list":["post-52","page","type-page","status-publish","hentry"],"yoast_head":"<!-- This site is optimized with the Yoast SEO plugin v26.8 - https:\/\/yoast.com\/product\/yoast-seo-wordpress\/ -->\n<title>Datenschutz - Auto Schmale GmbH &amp; Co. KG<\/title>\n<meta name=\"robots\" content=\"index, follow, max-snippet:-1, max-image-preview:large, max-video-preview:-1\" \/>\n<link rel=\"canonical\" href=\"https:\/\/auto-schmale.de\/?page_id=52\" \/>\n<meta property=\"og:locale\" content=\"de_DE\" \/>\n<meta property=\"og:type\" content=\"article\" \/>\n<meta property=\"og:title\" content=\"Datenschutz - Auto Schmale GmbH &amp; Co. KG\" \/>\n<meta property=\"og:url\" content=\"https:\/\/auto-schmale.de\/?page_id=52\" \/>\n<meta property=\"og:site_name\" content=\"Auto Schmale GmbH &amp; Co. KG\" \/>\n<meta property=\"article:modified_time\" content=\"2024-09-27T13:33:14+00:00\" \/>\n<meta name=\"twitter:card\" content=\"summary_large_image\" \/>\n<meta name=\"twitter:label1\" content=\"Gesch\u00e4tzte Lesezeit\" \/>\n\t<meta name=\"twitter:data1\" content=\"5\u00a0Minuten\" \/>\n<script type=\"application\/ld+json\" class=\"yoast-schema-graph\">{\"@context\":\"https:\/\/schema.org\",\"@graph\":[{\"@type\":\"WebPage\",\"@id\":\"https:\/\/auto-schmale.de\/?page_id=52\",\"url\":\"https:\/\/auto-schmale.de\/?page_id=52\",\"name\":\"Datenschutz - Auto Schmale GmbH &amp; Co. KG\",\"isPartOf\":{\"@id\":\"https:\/\/auto-schmale.de\/#website\"},\"datePublished\":\"2015-11-10T10:26:16+00:00\",\"dateModified\":\"2024-09-27T13:33:14+00:00\",\"breadcrumb\":{\"@id\":\"https:\/\/auto-schmale.de\/?page_id=52#breadcrumb\"},\"inLanguage\":\"de\",\"potentialAction\":[{\"@type\":\"ReadAction\",\"target\":[\"https:\/\/auto-schmale.de\/?page_id=52\"]}]},{\"@type\":\"BreadcrumbList\",\"@id\":\"https:\/\/auto-schmale.de\/?page_id=52#breadcrumb\",\"itemListElement\":[{\"@type\":\"ListItem\",\"position\":1,\"name\":\"Startseite\",\"item\":\"https:\/\/auto-schmale.de\/\"},{\"@type\":\"ListItem\",\"position\":2,\"name\":\"Datenschutz\"}]},{\"@type\":\"WebSite\",\"@id\":\"https:\/\/auto-schmale.de\/#website\",\"url\":\"https:\/\/auto-schmale.de\/\",\"name\":\"Auto Schmale GmbH &amp; Co. KG\",\"description\":\"\",\"potentialAction\":[{\"@type\":\"SearchAction\",\"target\":{\"@type\":\"EntryPoint\",\"urlTemplate\":\"https:\/\/auto-schmale.de\/?s={search_term_string}\"},\"query-input\":{\"@type\":\"PropertyValueSpecification\",\"valueRequired\":true,\"valueName\":\"search_term_string\"}}],\"inLanguage\":\"de\"}]}<\/script>\n<!-- \/ Yoast SEO plugin. -->","yoast_head_json":{"title":"Datenschutz - Auto Schmale GmbH &amp; Co. KG","robots":{"index":"index","follow":"follow","max-snippet":"max-snippet:-1","max-image-preview":"max-image-preview:large","max-video-preview":"max-video-preview:-1"},"canonical":"https:\/\/auto-schmale.de\/?page_id=52","og_locale":"de_DE","og_type":"article","og_title":"Datenschutz - Auto Schmale GmbH &amp; Co. KG","og_url":"https:\/\/auto-schmale.de\/?page_id=52","og_site_name":"Auto Schmale GmbH &amp; Co. KG","article_modified_time":"2024-09-27T13:33:14+00:00","twitter_card":"summary_large_image","twitter_misc":{"Gesch\u00e4tzte Lesezeit":"5\u00a0Minuten"},"schema":{"@context":"https:\/\/schema.org","@graph":[{"@type":"WebPage","@id":"https:\/\/auto-schmale.de\/?page_id=52","url":"https:\/\/auto-schmale.de\/?page_id=52","name":"Datenschutz - Auto Schmale GmbH &amp; Co. KG","isPartOf":{"@id":"https:\/\/auto-schmale.de\/#website"},"datePublished":"2015-11-10T10:26:16+00:00","dateModified":"2024-09-27T13:33:14+00:00","breadcrumb":{"@id":"https:\/\/auto-schmale.de\/?page_id=52#breadcrumb"},"inLanguage":"de","potentialAction":[{"@type":"ReadAction","target":["https:\/\/auto-schmale.de\/?page_id=52"]}]},{"@type":"BreadcrumbList","@id":"https:\/\/auto-schmale.de\/?page_id=52#breadcrumb","itemListElement":[{"@type":"ListItem","position":1,"name":"Startseite","item":"https:\/\/auto-schmale.de\/"},{"@type":"ListItem","position":2,"name":"Datenschutz"}]},{"@type":"WebSite","@id":"https:\/\/auto-schmale.de\/#website","url":"https:\/\/auto-schmale.de\/","name":"Auto Schmale GmbH &amp; Co. KG","description":"","potentialAction":[{"@type":"SearchAction","target":{"@type":"EntryPoint","urlTemplate":"https:\/\/auto-schmale.de\/?s={search_term_string}"},"query-input":{"@type":"PropertyValueSpecification","valueRequired":true,"valueName":"search_term_string"}}],"inLanguage":"de"}]}},"_links":{"self":[{"href":"https:\/\/auto-schmale.de\/index.php?rest_route=\/wp\/v2\/pages\/52","targetHints":{"allow":["GET"]}}],"collection":[{"href":"https:\/\/auto-schmale.de\/index.php?rest_route=\/wp\/v2\/pages"}],"about":[{"href":"https:\/\/auto-schmale.de\/index.php?rest_route=\/wp\/v2\/types\/page"}],"author":[{"embeddable":true,"href":"https:\/\/auto-schmale.de\/index.php?rest_route=\/wp\/v2\/users\/1"}],"replies":[{"embeddable":true,"href":"https:\/\/auto-schmale.de\/index.php?rest_route=%2Fwp%2Fv2%2Fcomments&post=52"}],"version-history":[{"count":14,"href":"https:\/\/auto-schmale.de\/index.php?rest_route=\/wp\/v2\/pages\/52\/revisions"}],"predecessor-version":[{"id":1075,"href":"https:\/\/auto-schmale.de\/index.php?rest_route=\/wp\/v2\/pages\/52\/revisions\/1075"}],"wp:attachment":[{"href":"https:\/\/auto-schmale.de\/index.php?rest_route=%2Fwp%2Fv2%2Fmedia&parent=52"}],"curies":[{"name":"wp","href":"https:\/\/api.w.org\/{rel}","templated":true}]}}