{"id":55,"date":"2015-11-10T11:29:55","date_gmt":"2015-11-10T10:29:55","guid":{"rendered":"https:\/\/auto-schmale.de\/?page_id=55"},"modified":"2025-08-13T11:01:40","modified_gmt":"2025-08-13T09:01:40","slug":"impressum","status":"publish","type":"page","link":"https:\/\/auto-schmale.de\/?page_id=55","title":{"rendered":"Impressum"},"content":{"rendered":"<div class=\"sixteen columns\"><\/div>\n<p>Auto Schmale GmbH &amp; Co. KG<\/p>\n<p>Kaiserstr. 16 + 38<\/p>\n<p>42477 Radevormwald<\/p>\n<p>&nbsp;<\/p>\n<p>Eingetragen im Handelsregister<\/p>\n<p>Amtsgericht K\u00f6ln HRA 16328<\/p>\n<p>&nbsp;<\/p>\n<p><strong>Verantwortlich f\u00fcr den Inhalt:<\/strong><\/p>\n<p>pers. haft. Gesellschafterin:<\/p>\n<p>Reiner Holzmann Verwaltungesellschaft mbH<\/p>\n<p>Sitz: Kaiserstr. 16 + 38, 42477 Radevormwald<\/p>\n<p>Gesch\u00e4ftsf\u00fchrer: Kirstin Meyer, Philip Holzmann<\/p>\n<p>Eingetragen im Handelsregister<\/p>\n<p>Amtsgericht K\u00f6ln HRA 37708<\/p>\n<p>&nbsp;<\/p>\n<p><strong>Kontakt:<\/strong><\/p>\n<p>Telefon: + 49 (0) 2195 \/ 9123 &#8211; 3<\/p>\n<p>Telefax: + 49 (0) 2195 \/ 9123 \u2013 54<\/p>\n<p>E-Mail: info@auto-schmale.de<\/p>\n<p>Web: www.auto-schmale.de<\/p>\n<p>&nbsp;<\/p>\n<p><strong>Umsatzsteuer-Identifikationsnummer:<\/strong><\/p>\n<p>DE 123 243 761<\/p>\n<p>Steuer-Nr. 221\/0580\/20047<\/p>\n<p>&nbsp;<\/p>\n<p><strong>Aufsichtsbeh\u00f6rde:<\/strong><\/p>\n<p>Handwerkskammer zu K\u00f6ln<\/p>\n<p>Heumarkt 12<\/p>\n<p>50667 K\u00f6ln<\/p>\n<p>&nbsp;<\/p>\n<p><strong>Versicherungsvermittlung:<\/strong><\/p>\n<p>Die Firma Auto Schmale GmbH &amp; Co. KG ist als Versicherungsvertreter mit Erlaubnis nach \u00a734 d Abs.6 GewO (produktakzessorisch) bei der<\/p>\n<p>&nbsp;<\/p>\n<p>Industrie- und Handelskammer zu K\u00f6ln<\/p>\n<p>Unter Sachsenhausen 10-26<br \/>\n50667 K\u00f6ln<\/p>\n<p>Tel. 0221 1640-0<br \/>\nE-Mail:\u00a0<a href=\"mailto:service@koeln.ihk.de\">service@koeln.ihk.de<\/a><\/p>\n<p>&nbsp;<\/p>\n<p>im Vermittlerregister unter der Nr. D-LTM9-8538P-43 eingetragen.<br \/>\n<strong>Betriebshaftpflichtversicherung:<br \/>\n<\/strong>HDI Global SE<br \/>\n30650 Hannover<\/p>\n<p>&nbsp;<\/p>\n<p><strong>Datenschutzbeauftragter:<\/strong><\/p>\n<p>Externer Datenschutzbeauftragter: Markus Naujoks<\/p>\n<p>c\/o KHBL Service- und Wirtschaftsgesellschaft mbH<\/p>\n<p>Altenberger-Dom-Stra\u00dfe 200<\/p>\n<p>51467 Bergisch Gladbach<\/p>\n<p>Telefon: + 49 (0) <strong>2202-93 59 0<\/strong><\/p>\n<p>Telefax: + 49 (0) <strong>2202-93 59 479<\/strong><\/p>\n<p>E-Mail: <strong>datenschutz@service-handwerk.de<\/strong><\/p>\n<p>&nbsp;<\/p>\n<p><strong>Streitschlichtung:<\/strong><\/p>\n<p>Hinweis gem\u00e4\u00df \u00a7 36 Verbraucherstreitbeilegungsgesetz:<\/p>\n<p>Die Auto Schmale GmbH &amp; Co.KG nimmt an den Schlichtungsstellenverfahren gem\u00e4\u00df dem Gesetz \u00fcber die alternative Streitbeilegung <strong>nicht<\/strong> teil.<\/p>\n<p>&nbsp;<\/p>\n<p>Allgemeine Verbraucherschlichtungsstelle am Zentrum f\u00fcr Schlichtung e.V.<\/p>\n<p>Stra\u00dfburger Stra\u00dfe 8<\/p>\n<p>77694 Kehl am Rhein<\/p>\n<p>Telefon: + 49 (0) 7851-795 79 40<\/p>\n<p>Telefax: + 49 (0) 7851-795 79 41<\/p>\n<p>E-Mail: mail@verbraucher-schlichter.de<\/p>\n<p>Web: www.verbraucher-schlichter.de<\/p>\n<p>&nbsp;<\/p>\n","protected":false},"excerpt":{"rendered":"<p>Auto Schmale GmbH &amp; Co. KG Kaiserstr. 16 + 38 42477 Radevormwald &nbsp; Eingetragen im Handelsregister Amtsgericht K\u00f6ln HRA 16328 &nbsp; Verantwortlich f\u00fcr den Inhalt: pers. haft. Gesellschafterin: Reiner Holzmann Verwaltungesellschaft mbH Sitz: Kaiserstr. 16 + 38, 42477 Radevormwald Gesch\u00e4ftsf\u00fchrer: Kirstin Meyer, Philip Holzmann Eingetragen im Handelsregister Amtsgericht K\u00f6ln HRA 37708 &nbsp; Kontakt: Telefon: + [&hellip;]<\/p>\n","protected":false},"author":1,"featured_media":0,"parent":0,"menu_order":0,"comment_status":"closed","ping_status":"closed","template":"","meta":{"_exactmetrics_skip_tracking":false,"_exactmetrics_sitenote_active":false,"_exactmetrics_sitenote_note":"","_exactmetrics_sitenote_category":0,"footnotes":""},"class_list":["post-55","page","type-page","status-publish","hentry"],"yoast_head":"<!-- This site is optimized with the Yoast SEO plugin v26.8 - https:\/\/yoast.com\/product\/yoast-seo-wordpress\/ -->\n<title>Impressum - Auto Schmale GmbH &amp; Co. KG<\/title>\n<meta name=\"robots\" content=\"index, follow, max-snippet:-1, max-image-preview:large, max-video-preview:-1\" \/>\n<link rel=\"canonical\" href=\"https:\/\/auto-schmale.de\/?page_id=55\" \/>\n<meta property=\"og:locale\" content=\"de_DE\" \/>\n<meta property=\"og:type\" content=\"article\" \/>\n<meta property=\"og:title\" content=\"Impressum - Auto Schmale GmbH &amp; Co. KG\" \/>\n<meta property=\"og:description\" content=\"Auto Schmale GmbH &amp; Co. KG Kaiserstr. 16 + 38 42477 Radevormwald &nbsp; Eingetragen im Handelsregister Amtsgericht K\u00f6ln HRA 16328 &nbsp; Verantwortlich f\u00fcr den Inhalt: pers. haft. Gesellschafterin: Reiner Holzmann Verwaltungesellschaft mbH Sitz: Kaiserstr. 16 + 38, 42477 Radevormwald Gesch\u00e4ftsf\u00fchrer: Kirstin Meyer, Philip Holzmann Eingetragen im Handelsregister Amtsgericht K\u00f6ln HRA 37708 &nbsp; Kontakt: Telefon: + [&hellip;]\" \/>\n<meta property=\"og:url\" content=\"https:\/\/auto-schmale.de\/?page_id=55\" \/>\n<meta property=\"og:site_name\" content=\"Auto Schmale GmbH &amp; Co. KG\" \/>\n<meta property=\"article:modified_time\" content=\"2025-08-13T09:01:40+00:00\" \/>\n<meta name=\"twitter:card\" content=\"summary_large_image\" \/>\n<meta name=\"twitter:label1\" content=\"Gesch\u00e4tzte Lesezeit\" \/>\n\t<meta name=\"twitter:data1\" content=\"2\u00a0Minuten\" \/>\n<script type=\"application\/ld+json\" class=\"yoast-schema-graph\">{\"@context\":\"https:\/\/schema.org\",\"@graph\":[{\"@type\":\"WebPage\",\"@id\":\"https:\/\/auto-schmale.de\/?page_id=55\",\"url\":\"https:\/\/auto-schmale.de\/?page_id=55\",\"name\":\"Impressum - Auto Schmale GmbH &amp; Co. KG\",\"isPartOf\":{\"@id\":\"https:\/\/auto-schmale.de\/#website\"},\"datePublished\":\"2015-11-10T10:29:55+00:00\",\"dateModified\":\"2025-08-13T09:01:40+00:00\",\"breadcrumb\":{\"@id\":\"https:\/\/auto-schmale.de\/?page_id=55#breadcrumb\"},\"inLanguage\":\"de\",\"potentialAction\":[{\"@type\":\"ReadAction\",\"target\":[\"https:\/\/auto-schmale.de\/?page_id=55\"]}]},{\"@type\":\"BreadcrumbList\",\"@id\":\"https:\/\/auto-schmale.de\/?page_id=55#breadcrumb\",\"itemListElement\":[{\"@type\":\"ListItem\",\"position\":1,\"name\":\"Startseite\",\"item\":\"https:\/\/auto-schmale.de\/\"},{\"@type\":\"ListItem\",\"position\":2,\"name\":\"Impressum\"}]},{\"@type\":\"WebSite\",\"@id\":\"https:\/\/auto-schmale.de\/#website\",\"url\":\"https:\/\/auto-schmale.de\/\",\"name\":\"Auto Schmale GmbH &amp; Co. KG\",\"description\":\"\",\"potentialAction\":[{\"@type\":\"SearchAction\",\"target\":{\"@type\":\"EntryPoint\",\"urlTemplate\":\"https:\/\/auto-schmale.de\/?s={search_term_string}\"},\"query-input\":{\"@type\":\"PropertyValueSpecification\",\"valueRequired\":true,\"valueName\":\"search_term_string\"}}],\"inLanguage\":\"de\"}]}<\/script>\n<!-- \/ Yoast SEO plugin. -->","yoast_head_json":{"title":"Impressum - Auto Schmale GmbH &amp; Co. KG","robots":{"index":"index","follow":"follow","max-snippet":"max-snippet:-1","max-image-preview":"max-image-preview:large","max-video-preview":"max-video-preview:-1"},"canonical":"https:\/\/auto-schmale.de\/?page_id=55","og_locale":"de_DE","og_type":"article","og_title":"Impressum - Auto Schmale GmbH &amp; Co. KG","og_description":"Auto Schmale GmbH &amp; Co. KG Kaiserstr. 16 + 38 42477 Radevormwald &nbsp; Eingetragen im Handelsregister Amtsgericht K\u00f6ln HRA 16328 &nbsp; Verantwortlich f\u00fcr den Inhalt: pers. haft. Gesellschafterin: Reiner Holzmann Verwaltungesellschaft mbH Sitz: Kaiserstr. 16 + 38, 42477 Radevormwald Gesch\u00e4ftsf\u00fchrer: Kirstin Meyer, Philip Holzmann Eingetragen im Handelsregister Amtsgericht K\u00f6ln HRA 37708 &nbsp; Kontakt: Telefon: + [&hellip;]","og_url":"https:\/\/auto-schmale.de\/?page_id=55","og_site_name":"Auto Schmale GmbH &amp; Co. KG","article_modified_time":"2025-08-13T09:01:40+00:00","twitter_card":"summary_large_image","twitter_misc":{"Gesch\u00e4tzte Lesezeit":"2\u00a0Minuten"},"schema":{"@context":"https:\/\/schema.org","@graph":[{"@type":"WebPage","@id":"https:\/\/auto-schmale.de\/?page_id=55","url":"https:\/\/auto-schmale.de\/?page_id=55","name":"Impressum - Auto Schmale GmbH &amp; Co. KG","isPartOf":{"@id":"https:\/\/auto-schmale.de\/#website"},"datePublished":"2015-11-10T10:29:55+00:00","dateModified":"2025-08-13T09:01:40+00:00","breadcrumb":{"@id":"https:\/\/auto-schmale.de\/?page_id=55#breadcrumb"},"inLanguage":"de","potentialAction":[{"@type":"ReadAction","target":["https:\/\/auto-schmale.de\/?page_id=55"]}]},{"@type":"BreadcrumbList","@id":"https:\/\/auto-schmale.de\/?page_id=55#breadcrumb","itemListElement":[{"@type":"ListItem","position":1,"name":"Startseite","item":"https:\/\/auto-schmale.de\/"},{"@type":"ListItem","position":2,"name":"Impressum"}]},{"@type":"WebSite","@id":"https:\/\/auto-schmale.de\/#website","url":"https:\/\/auto-schmale.de\/","name":"Auto Schmale GmbH &amp; Co. KG","description":"","potentialAction":[{"@type":"SearchAction","target":{"@type":"EntryPoint","urlTemplate":"https:\/\/auto-schmale.de\/?s={search_term_string}"},"query-input":{"@type":"PropertyValueSpecification","valueRequired":true,"valueName":"search_term_string"}}],"inLanguage":"de"}]}},"_links":{"self":[{"href":"https:\/\/auto-schmale.de\/index.php?rest_route=\/wp\/v2\/pages\/55","targetHints":{"allow":["GET"]}}],"collection":[{"href":"https:\/\/auto-schmale.de\/index.php?rest_route=\/wp\/v2\/pages"}],"about":[{"href":"https:\/\/auto-schmale.de\/index.php?rest_route=\/wp\/v2\/types\/page"}],"author":[{"embeddable":true,"href":"https:\/\/auto-schmale.de\/index.php?rest_route=\/wp\/v2\/users\/1"}],"replies":[{"embeddable":true,"href":"https:\/\/auto-schmale.de\/index.php?rest_route=%2Fwp%2Fv2%2Fcomments&post=55"}],"version-history":[{"count":24,"href":"https:\/\/auto-schmale.de\/index.php?rest_route=\/wp\/v2\/pages\/55\/revisions"}],"predecessor-version":[{"id":1104,"href":"https:\/\/auto-schmale.de\/index.php?rest_route=\/wp\/v2\/pages\/55\/revisions\/1104"}],"wp:attachment":[{"href":"https:\/\/auto-schmale.de\/index.php?rest_route=%2Fwp%2Fv2%2Fmedia&parent=55"}],"curies":[{"name":"wp","href":"https:\/\/api.w.org\/{rel}","templated":true}]}}